{"id":601,"date":"2017-02-28T10:13:38","date_gmt":"2017-02-28T09:13:38","guid":{"rendered":"https:\/\/jastbolaget.se\/?page_id=601\/"},"modified":"2017-03-29T22:07:41","modified_gmt":"2017-03-29T20:07:41","slug":"q-and-a","status":"publish","type":"page","link":"https:\/\/jastbolaget.se\/en\/q-and-a\/","title":{"rendered":"Q &#038; A"},"content":{"rendered":"","protected":false},"excerpt":{"rendered":"","protected":false},"author":7,"featured_media":0,"parent":0,"menu_order":0,"comment_status":"closed","ping_status":"closed","template":"template-faq.php","meta":{"_acf_changed":false,"footnotes":""},"class_list":["post-601","page","type-page","status-publish","hentry"],"acf":[],"yoast_head":"<!-- This site is optimized with the Yoast SEO plugin v27.4 - https:\/\/yoast.com\/product\/yoast-seo-wordpress\/ -->\n<title>Q &amp; A - J\u00e4stbolaget<\/title>\n<meta name=\"robots\" content=\"index, follow, max-snippet:-1, max-image-preview:large, max-video-preview:-1\" \/>\n<link rel=\"canonical\" href=\"https:\/\/jastbolaget.se\/en\/q-and-a\/\" \/>\n<meta property=\"og:locale\" content=\"en_US\" \/>\n<meta property=\"og:type\" content=\"article\" \/>\n<meta property=\"og:title\" content=\"Q &amp; A - J\u00e4stbolaget\" \/>\n<meta property=\"og:url\" content=\"https:\/\/jastbolaget.se\/en\/q-and-a\/\" \/>\n<meta property=\"og:site_name\" content=\"J\u00e4stbolaget\" \/>\n<meta property=\"article:modified_time\" content=\"2017-03-29T20:07:41+00:00\" \/>\n<meta name=\"twitter:card\" content=\"summary_large_image\" \/>\n<script type=\"application\/ld+json\" class=\"yoast-schema-graph\">{\"@context\":\"https:\\\/\\\/schema.org\",\"@graph\":[{\"@type\":\"WebPage\",\"@id\":\"https:\\\/\\\/jastbolaget.se\\\/en\\\/q-and-a\\\/\",\"url\":\"https:\\\/\\\/jastbolaget.se\\\/en\\\/q-and-a\\\/\",\"name\":\"Q & A - J\u00e4stbolaget\",\"isPartOf\":{\"@id\":\"https:\\\/\\\/jastbolaget.se\\\/#website\"},\"datePublished\":\"2017-02-28T09:13:38+00:00\",\"dateModified\":\"2017-03-29T20:07:41+00:00\",\"breadcrumb\":{\"@id\":\"https:\\\/\\\/jastbolaget.se\\\/en\\\/q-and-a\\\/#breadcrumb\"},\"inLanguage\":\"en-US\",\"potentialAction\":[{\"@type\":\"ReadAction\",\"target\":[\"https:\\\/\\\/jastbolaget.se\\\/en\\\/q-and-a\\\/\"]}]},{\"@type\":\"BreadcrumbList\",\"@id\":\"https:\\\/\\\/jastbolaget.se\\\/en\\\/q-and-a\\\/#breadcrumb\",\"itemListElement\":[{\"@type\":\"ListItem\",\"position\":1,\"name\":\"Hem\",\"item\":\"https:\\\/\\\/jastbolaget.se\\\/en\\\/\"},{\"@type\":\"ListItem\",\"position\":2,\"name\":\"Q &#038; A\"}]},{\"@type\":\"WebSite\",\"@id\":\"https:\\\/\\\/jastbolaget.se\\\/#website\",\"url\":\"https:\\\/\\\/jastbolaget.se\\\/\",\"name\":\"J\u00e4stbolaget\",\"description\":\"Marknadsledaren p\u00e5 j\u00e4st.\",\"potentialAction\":[{\"@type\":\"SearchAction\",\"target\":{\"@type\":\"EntryPoint\",\"urlTemplate\":\"https:\\\/\\\/jastbolaget.se\\\/?s={search_term_string}\"},\"query-input\":{\"@type\":\"PropertyValueSpecification\",\"valueRequired\":true,\"valueName\":\"search_term_string\"}}],\"inLanguage\":\"en-US\"}]}<\/script>\n<!-- \/ Yoast SEO plugin. -->","yoast_head_json":{"title":"Q & A - J\u00e4stbolaget","robots":{"index":"index","follow":"follow","max-snippet":"max-snippet:-1","max-image-preview":"max-image-preview:large","max-video-preview":"max-video-preview:-1"},"canonical":"https:\/\/jastbolaget.se\/en\/q-and-a\/","og_locale":"en_US","og_type":"article","og_title":"Q & A - J\u00e4stbolaget","og_url":"https:\/\/jastbolaget.se\/en\/q-and-a\/","og_site_name":"J\u00e4stbolaget","article_modified_time":"2017-03-29T20:07:41+00:00","twitter_card":"summary_large_image","schema":{"@context":"https:\/\/schema.org","@graph":[{"@type":"WebPage","@id":"https:\/\/jastbolaget.se\/en\/q-and-a\/","url":"https:\/\/jastbolaget.se\/en\/q-and-a\/","name":"Q & A - J\u00e4stbolaget","isPartOf":{"@id":"https:\/\/jastbolaget.se\/#website"},"datePublished":"2017-02-28T09:13:38+00:00","dateModified":"2017-03-29T20:07:41+00:00","breadcrumb":{"@id":"https:\/\/jastbolaget.se\/en\/q-and-a\/#breadcrumb"},"inLanguage":"en-US","potentialAction":[{"@type":"ReadAction","target":["https:\/\/jastbolaget.se\/en\/q-and-a\/"]}]},{"@type":"BreadcrumbList","@id":"https:\/\/jastbolaget.se\/en\/q-and-a\/#breadcrumb","itemListElement":[{"@type":"ListItem","position":1,"name":"Hem","item":"https:\/\/jastbolaget.se\/en\/"},{"@type":"ListItem","position":2,"name":"Q &#038; A"}]},{"@type":"WebSite","@id":"https:\/\/jastbolaget.se\/#website","url":"https:\/\/jastbolaget.se\/","name":"J\u00e4stbolaget","description":"Marknadsledaren p\u00e5 j\u00e4st.","potentialAction":[{"@type":"SearchAction","target":{"@type":"EntryPoint","urlTemplate":"https:\/\/jastbolaget.se\/?s={search_term_string}"},"query-input":{"@type":"PropertyValueSpecification","valueRequired":true,"valueName":"search_term_string"}}],"inLanguage":"en-US"}]}},"_links":{"self":[{"href":"https:\/\/jastbolaget.se\/en\/wp-json\/wp\/v2\/pages\/601","targetHints":{"allow":["GET"]}}],"collection":[{"href":"https:\/\/jastbolaget.se\/en\/wp-json\/wp\/v2\/pages"}],"about":[{"href":"https:\/\/jastbolaget.se\/en\/wp-json\/wp\/v2\/types\/page"}],"author":[{"embeddable":true,"href":"https:\/\/jastbolaget.se\/en\/wp-json\/wp\/v2\/users\/7"}],"replies":[{"embeddable":true,"href":"https:\/\/jastbolaget.se\/en\/wp-json\/wp\/v2\/comments?post=601"}],"version-history":[{"count":0,"href":"https:\/\/jastbolaget.se\/en\/wp-json\/wp\/v2\/pages\/601\/revisions"}],"wp:attachment":[{"href":"https:\/\/jastbolaget.se\/en\/wp-json\/wp\/v2\/media?parent=601"}],"curies":[{"name":"wp","href":"https:\/\/api.w.org\/{rel}","templated":true}]}}