{"id":1720,"date":"2021-01-07T15:20:10","date_gmt":"2021-01-07T14:20:10","guid":{"rendered":"https:\/\/jastbolaget.se\/?page_id=1720"},"modified":"2023-03-24T15:01:13","modified_gmt":"2023-03-24T14:01:13","slug":"sustainability","status":"publish","type":"page","link":"https:\/\/jastbolaget.se\/en\/sustainability\/","title":{"rendered":"Sustainability"},"content":{"rendered":"","protected":false},"excerpt":{"rendered":"","protected":false},"author":7,"featured_media":0,"parent":0,"menu_order":0,"comment_status":"closed","ping_status":"open","template":"template-textsida.php","meta":{"_acf_changed":false,"footnotes":""},"class_list":["post-1720","page","type-page","status-publish","hentry"],"acf":[],"yoast_head":"<!-- This site is optimized with the Yoast SEO plugin v27.1.1 - https:\/\/yoast.com\/product\/yoast-seo-wordpress\/ -->\n<title>Sustainability - J\u00e4stbolaget<\/title>\n<meta name=\"description\" content=\"For J\u00e4stbolaget, sustainability is not a trend - our sustainability work has been going on for almost 100 years. But we are striving to get even better.\" \/>\n<meta name=\"robots\" content=\"index, follow, max-snippet:-1, max-image-preview:large, max-video-preview:-1\" \/>\n<link rel=\"canonical\" href=\"https:\/\/jastbolaget.se\/en\/sustainability\/\" \/>\n<meta property=\"og:locale\" content=\"en_US\" \/>\n<meta property=\"og:type\" content=\"article\" \/>\n<meta property=\"og:title\" content=\"Sustainability - J\u00e4stbolaget\" \/>\n<meta property=\"og:description\" content=\"For J\u00e4stbolaget, sustainability is not a trend - our sustainability work has been going on for almost 100 years. But we are striving to get even better.\" \/>\n<meta property=\"og:url\" content=\"https:\/\/jastbolaget.se\/en\/sustainability\/\" \/>\n<meta property=\"og:site_name\" content=\"J\u00e4stbolaget\" \/>\n<meta property=\"article:modified_time\" content=\"2023-03-24T14:01:13+00:00\" \/>\n<meta name=\"twitter:card\" content=\"summary_large_image\" \/>\n<script type=\"application\/ld+json\" class=\"yoast-schema-graph\">{\"@context\":\"https:\/\/schema.org\",\"@graph\":[{\"@type\":\"WebPage\",\"@id\":\"https:\/\/jastbolaget.se\/en\/sustainability\/\",\"url\":\"https:\/\/jastbolaget.se\/en\/sustainability\/\",\"name\":\"Sustainability - J\u00e4stbolaget\",\"isPartOf\":{\"@id\":\"https:\/\/jastbolaget.se\/#website\"},\"datePublished\":\"2021-01-07T14:20:10+00:00\",\"dateModified\":\"2023-03-24T14:01:13+00:00\",\"description\":\"For J\u00e4stbolaget, sustainability is not a trend - our sustainability work has been going on for almost 100 years. But we are striving to get even better.\",\"breadcrumb\":{\"@id\":\"https:\/\/jastbolaget.se\/en\/sustainability\/#breadcrumb\"},\"inLanguage\":\"en-US\",\"potentialAction\":[{\"@type\":\"ReadAction\",\"target\":[\"https:\/\/jastbolaget.se\/en\/sustainability\/\"]}]},{\"@type\":\"BreadcrumbList\",\"@id\":\"https:\/\/jastbolaget.se\/en\/sustainability\/#breadcrumb\",\"itemListElement\":[{\"@type\":\"ListItem\",\"position\":1,\"name\":\"Hem\",\"item\":\"https:\/\/jastbolaget.se\/en\/\"},{\"@type\":\"ListItem\",\"position\":2,\"name\":\"Sustainability\"}]},{\"@type\":\"WebSite\",\"@id\":\"https:\/\/jastbolaget.se\/#website\",\"url\":\"https:\/\/jastbolaget.se\/\",\"name\":\"J\u00e4stbolaget\",\"description\":\"Marknadsledaren p\u00e5 j\u00e4st.\",\"potentialAction\":[{\"@type\":\"SearchAction\",\"target\":{\"@type\":\"EntryPoint\",\"urlTemplate\":\"https:\/\/jastbolaget.se\/?s={search_term_string}\"},\"query-input\":{\"@type\":\"PropertyValueSpecification\",\"valueRequired\":true,\"valueName\":\"search_term_string\"}}],\"inLanguage\":\"en-US\"}]}<\/script>\n<!-- \/ Yoast SEO plugin. -->","yoast_head_json":{"title":"Sustainability - J\u00e4stbolaget","description":"For J\u00e4stbolaget, sustainability is not a trend - our sustainability work has been going on for almost 100 years. But we are striving to get even better.","robots":{"index":"index","follow":"follow","max-snippet":"max-snippet:-1","max-image-preview":"max-image-preview:large","max-video-preview":"max-video-preview:-1"},"canonical":"https:\/\/jastbolaget.se\/en\/sustainability\/","og_locale":"en_US","og_type":"article","og_title":"Sustainability - J\u00e4stbolaget","og_description":"For J\u00e4stbolaget, sustainability is not a trend - our sustainability work has been going on for almost 100 years. But we are striving to get even better.","og_url":"https:\/\/jastbolaget.se\/en\/sustainability\/","og_site_name":"J\u00e4stbolaget","article_modified_time":"2023-03-24T14:01:13+00:00","twitter_card":"summary_large_image","schema":{"@context":"https:\/\/schema.org","@graph":[{"@type":"WebPage","@id":"https:\/\/jastbolaget.se\/en\/sustainability\/","url":"https:\/\/jastbolaget.se\/en\/sustainability\/","name":"Sustainability - J\u00e4stbolaget","isPartOf":{"@id":"https:\/\/jastbolaget.se\/#website"},"datePublished":"2021-01-07T14:20:10+00:00","dateModified":"2023-03-24T14:01:13+00:00","description":"For J\u00e4stbolaget, sustainability is not a trend - our sustainability work has been going on for almost 100 years. But we are striving to get even better.","breadcrumb":{"@id":"https:\/\/jastbolaget.se\/en\/sustainability\/#breadcrumb"},"inLanguage":"en-US","potentialAction":[{"@type":"ReadAction","target":["https:\/\/jastbolaget.se\/en\/sustainability\/"]}]},{"@type":"BreadcrumbList","@id":"https:\/\/jastbolaget.se\/en\/sustainability\/#breadcrumb","itemListElement":[{"@type":"ListItem","position":1,"name":"Hem","item":"https:\/\/jastbolaget.se\/en\/"},{"@type":"ListItem","position":2,"name":"Sustainability"}]},{"@type":"WebSite","@id":"https:\/\/jastbolaget.se\/#website","url":"https:\/\/jastbolaget.se\/","name":"J\u00e4stbolaget","description":"Marknadsledaren p\u00e5 j\u00e4st.","potentialAction":[{"@type":"SearchAction","target":{"@type":"EntryPoint","urlTemplate":"https:\/\/jastbolaget.se\/?s={search_term_string}"},"query-input":{"@type":"PropertyValueSpecification","valueRequired":true,"valueName":"search_term_string"}}],"inLanguage":"en-US"}]}},"_links":{"self":[{"href":"https:\/\/jastbolaget.se\/en\/wp-json\/wp\/v2\/pages\/1720","targetHints":{"allow":["GET"]}}],"collection":[{"href":"https:\/\/jastbolaget.se\/en\/wp-json\/wp\/v2\/pages"}],"about":[{"href":"https:\/\/jastbolaget.se\/en\/wp-json\/wp\/v2\/types\/page"}],"author":[{"embeddable":true,"href":"https:\/\/jastbolaget.se\/en\/wp-json\/wp\/v2\/users\/7"}],"replies":[{"embeddable":true,"href":"https:\/\/jastbolaget.se\/en\/wp-json\/wp\/v2\/comments?post=1720"}],"version-history":[{"count":0,"href":"https:\/\/jastbolaget.se\/en\/wp-json\/wp\/v2\/pages\/1720\/revisions"}],"wp:attachment":[{"href":"https:\/\/jastbolaget.se\/en\/wp-json\/wp\/v2\/media?parent=1720"}],"curies":[{"name":"wp","href":"https:\/\/api.w.org\/{rel}","templated":true}]}}